{"id":12462,"date":"2026-03-27T10:04:13","date_gmt":"2026-03-27T09:04:13","guid":{"rendered":"https:\/\/store.kpush.net\/product\/asphalt-kaki\/"},"modified":"2026-03-27T10:04:13","modified_gmt":"2026-03-27T09:04:13","slug":"asphalt-kaki","status":"publish","type":"product","link":"https:\/\/store.kpush.net\/en\/product\/asphalt-kaki\/","title":{"rendered":"Asphalt \u2014 kaki"},"content":{"rendered":"","protected":false},"excerpt":{"rendered":"<h2>Style urbain et intemporel mixte<\/h2>\n<p>Enti\u00e8rement r\u00e9alis\u00e9e \u00e0 la main en jeans chin\u00e9 noir et velours vert kaki, cette grande banane est tripl\u00e9e pour offrir une belle tenue, un bon maintien et une excellente durabilit\u00e9. Ainsi, elle ne s&#8217;affaisse pas lorsque qu&#8217;elle est bien remplie ou au contraire un peu vide.<\/p>\n<p>\u00c0 l\u2019int\u00e9rieur, une doublure kaki avec un motif fleuri apporte une touche de contraste subtile et \u00e9l\u00e9gante.<br \/>\nLa sangle en coton kaki et blanc, aux motifs graphiques, renforce son caract\u00e8re tout en restant facile \u00e0 porter au quotidien.<\/p>\n<p>Son design sobre et affirm\u00e9 en fait une pi\u00e8ce polyvalente, qui conviendra autant aux hommes qu&#8217;aux femmes.<br \/>\nCette banane ne contient pas de poche int\u00e9rieure, ce qui explique son prix inf\u00e9rieur aux autres bananes maxi.<\/p>\n<p>\ud83d\udc49 Pi\u00e8ce unique<\/p>\n<p>Taille: environ 42cm de large sur 19 cm de haut.<\/p>\n","protected":false},"featured_media":12464,"template":"","meta":[],"product_brand":[],"product_cat":[141],"product_tag":[],"class_list":{"0":"post-12462","1":"product","2":"type-product","3":"status-publish","4":"has-post-thumbnail","6":"product_cat-sac-banane-xxl","8":"first","9":"instock","10":"shipping-taxable","11":"purchasable","12":"product-type-simple"},"jetpack_sharing_enabled":true,"_links":{"self":[{"href":"https:\/\/store.kpush.net\/en\/wp-json\/wp\/v2\/product\/12462","targetHints":{"allow":["GET"]}}],"collection":[{"href":"https:\/\/store.kpush.net\/en\/wp-json\/wp\/v2\/product"}],"about":[{"href":"https:\/\/store.kpush.net\/en\/wp-json\/wp\/v2\/types\/product"}],"version-history":[{"count":0,"href":"https:\/\/store.kpush.net\/en\/wp-json\/wp\/v2\/product\/12462\/revisions"}],"wp:featuredmedia":[{"embeddable":true,"href":"https:\/\/store.kpush.net\/en\/wp-json\/wp\/v2\/media\/12464"}],"wp:attachment":[{"href":"https:\/\/store.kpush.net\/en\/wp-json\/wp\/v2\/media?parent=12462"}],"wp:term":[{"taxonomy":"product_brand","embeddable":true,"href":"https:\/\/store.kpush.net\/en\/wp-json\/wp\/v2\/product_brand?post=12462"},{"taxonomy":"product_cat","embeddable":true,"href":"https:\/\/store.kpush.net\/en\/wp-json\/wp\/v2\/product_cat?post=12462"},{"taxonomy":"product_tag","embeddable":true,"href":"https:\/\/store.kpush.net\/en\/wp-json\/wp\/v2\/product_tag?post=12462"}],"curies":[{"name":"wp","href":"https:\/\/api.w.org\/{rel}","templated":true}]}}